{"id":466,"date":"2020-05-29T11:03:43","date_gmt":"2020-05-29T16:03:43","guid":{"rendered":"https:\/\/conducir.co\/wp\/?page_id=466"},"modified":"2024-09-06T19:33:42","modified_gmt":"2024-09-07T00:33:42","slug":"pruebas","status":"publish","type":"page","link":"https:\/\/conducir.co\/wp\/pruebas\/","title":{"rendered":"Pruebas"},"content":{"rendered":"\t\t<div data-elementor-type=\"wp-page\" data-elementor-id=\"466\" class=\"elementor elementor-466\">\n\t\t\t\t\t\t<section class=\"elementor-section elementor-top-section elementor-element elementor-element-9155581 elementor-section-boxed elementor-section-height-default elementor-section-height-default\" data-id=\"9155581\" data-element_type=\"section\">\n\t\t\t\t\t\t<div class=\"elementor-container elementor-column-gap-default\">\n\t\t\t\t\t<div class=\"elementor-column elementor-col-100 elementor-top-column elementor-element elementor-element-5d89825\" data-id=\"5d89825\" data-element_type=\"column\">\n\t\t\t<div class=\"elementor-widget-wrap elementor-element-populated\">\n\t\t\t\t\t\t<div class=\"elementor-element elementor-element-4d289c0 elementor-widget elementor-widget-heading\" data-id=\"4d289c0\" data-element_type=\"widget\" data-widget_type=\"heading.default\">\n\t\t\t\t<div class=\"elementor-widget-container\">\n\t\t\t\t\t<h2 class=\"elementor-heading-title elementor-size-default\">Pruebas  a conductores para P.E.S.V<\/h2>\t\t\t\t<\/div>\n\t\t\t\t<\/div>\n\t\t\t\t\t<\/div>\n\t\t<\/div>\n\t\t\t\t\t<\/div>\n\t\t<\/section>\n\t\t\t\t<section class=\"elementor-section elementor-top-section elementor-element elementor-element-44f2a59d elementor-section-height-full elementor-section-boxed elementor-section-height-default elementor-section-items-middle\" data-id=\"44f2a59d\" data-element_type=\"section\" data-settings=\"{&quot;background_background&quot;:&quot;classic&quot;}\">\n\t\t\t\t\t\t\t<div class=\"elementor-background-overlay\"><\/div>\n\t\t\t\t\t\t\t<div class=\"elementor-container elementor-column-gap-default\">\n\t\t\t\t\t<div class=\"elementor-column elementor-col-100 elementor-top-column elementor-element elementor-element-51582588\" data-id=\"51582588\" data-element_type=\"column\">\n\t\t\t<div class=\"elementor-widget-wrap elementor-element-populated\">\n\t\t\t\t\t\t<section class=\"elementor-section elementor-inner-section elementor-element elementor-element-52dcc211 elementor-section-boxed elementor-section-height-default elementor-section-height-default\" data-id=\"52dcc211\" data-element_type=\"section\">\n\t\t\t\t\t\t<div class=\"elementor-container elementor-column-gap-wide\">\n\t\t\t\t\t<div class=\"elementor-column elementor-col-33 elementor-inner-column elementor-element elementor-element-80e2cc2\" data-id=\"80e2cc2\" data-element_type=\"column\">\n\t\t\t<div class=\"elementor-widget-wrap elementor-element-populated\">\n\t\t\t\t\t\t<div class=\"elementor-element elementor-element-1edf38b5 elementor-view-framed elementor-shape-circle elementor-position-top elementor-mobile-position-top elementor-widget elementor-widget-icon-box\" data-id=\"1edf38b5\" data-element_type=\"widget\" data-widget_type=\"icon-box.default\">\n\t\t\t\t<div class=\"elementor-widget-container\">\n\t\t\t\t\t\t\t<div class=\"elementor-icon-box-wrapper\">\n\n\t\t\t\t\t\t<div class=\"elementor-icon-box-icon\">\n\t\t\t\t<span  class=\"elementor-icon\">\n\t\t\t\t<i aria-hidden=\"true\" class=\"fas fa-truck-monster\"><\/i>\t\t\t\t<\/span>\n\t\t\t<\/div>\n\t\t\t\n\t\t\t\t\t\t<div class=\"elementor-icon-box-content\">\n\n\t\t\t\t\t\t\t\t\t<h3 class=\"elementor-icon-box-title\">\n\t\t\t\t\t\t<span  >\n\t\t\t\t\t\t\tPrueba pr\u00e1ctica\t\t\t\t\t\t<\/span>\n\t\t\t\t\t<\/h3>\n\t\t\t\t\n\t\t\t\t\n\t\t\t<\/div>\n\t\t\t\n\t\t<\/div>\n\t\t\t\t\t\t<\/div>\n\t\t\t\t<\/div>\n\t\t\t\t<div class=\"elementor-element elementor-element-7fac093 elementor-widget elementor-widget-text-editor\" data-id=\"7fac093\" data-element_type=\"widget\" data-widget_type=\"text-editor.default\">\n\t\t\t\t<div class=\"elementor-widget-container\">\n\t\t\t\t\t\t\t\t\t<p><span style=\"color: #ffffff;\">Esta prueba permite conocer los h\u00e1bitos y habilidades en la conducci\u00f3n, esta basada en el tipo de veh\u00edculo que se va a conducir.\u200b<\/span><\/p>\t\t\t\t\t\t\t\t<\/div>\n\t\t\t\t<\/div>\n\t\t\t\t\t<\/div>\n\t\t<\/div>\n\t\t\t\t<div class=\"elementor-column elementor-col-33 elementor-inner-column elementor-element elementor-element-0e5f21b\" data-id=\"0e5f21b\" data-element_type=\"column\">\n\t\t\t<div class=\"elementor-widget-wrap elementor-element-populated\">\n\t\t\t\t\t\t<div class=\"elementor-element elementor-element-f422d24 elementor-view-framed elementor-shape-circle elementor-position-top elementor-mobile-position-top elementor-widget elementor-widget-icon-box\" data-id=\"f422d24\" data-element_type=\"widget\" data-widget_type=\"icon-box.default\">\n\t\t\t\t<div class=\"elementor-widget-container\">\n\t\t\t\t\t\t\t<div class=\"elementor-icon-box-wrapper\">\n\n\t\t\t\t\t\t<div class=\"elementor-icon-box-icon\">\n\t\t\t\t<span  class=\"elementor-icon\">\n\t\t\t\t<i aria-hidden=\"true\" class=\"far fa-edit\"><\/i>\t\t\t\t<\/span>\n\t\t\t<\/div>\n\t\t\t\n\t\t\t\t\t\t<div class=\"elementor-icon-box-content\">\n\n\t\t\t\t\t\t\t\t\t<h3 class=\"elementor-icon-box-title\">\n\t\t\t\t\t\t<span  >\n\t\t\t\t\t\t\tPrueba te\u00f3rica\t\t\t\t\t\t<\/span>\n\t\t\t\t\t<\/h3>\n\t\t\t\t\n\t\t\t\t\n\t\t\t<\/div>\n\t\t\t\n\t\t<\/div>\n\t\t\t\t\t\t<\/div>\n\t\t\t\t<\/div>\n\t\t\t\t<div class=\"elementor-element elementor-element-cbe4526 elementor-widget elementor-widget-text-editor\" data-id=\"cbe4526\" data-element_type=\"widget\" data-widget_type=\"text-editor.default\">\n\t\t\t\t<div class=\"elementor-widget-container\">\n\t\t\t\t\t\t\t\t\t<p><span style=\"color: #ffffff;\">Esta prueba mide el nivel de conocimiento del conductor, sobre los factores propios de la conducci\u00f3n, normatividad, v\u00eda y del veh\u00edculo que va a conducir.\u200b<\/span><\/p>\t\t\t\t\t\t\t\t<\/div>\n\t\t\t\t<\/div>\n\t\t\t\t\t<\/div>\n\t\t<\/div>\n\t\t\t\t<div class=\"elementor-column elementor-col-33 elementor-inner-column elementor-element elementor-element-1f9fc30d\" data-id=\"1f9fc30d\" data-element_type=\"column\">\n\t\t\t<div class=\"elementor-widget-wrap elementor-element-populated\">\n\t\t\t\t\t\t<div class=\"elementor-element elementor-element-1cfb1a3c elementor-view-framed elementor-shape-circle elementor-position-top elementor-mobile-position-top elementor-widget elementor-widget-icon-box\" data-id=\"1cfb1a3c\" data-element_type=\"widget\" data-widget_type=\"icon-box.default\">\n\t\t\t\t<div class=\"elementor-widget-container\">\n\t\t\t\t\t\t\t<div class=\"elementor-icon-box-wrapper\">\n\n\t\t\t\t\t\t<div class=\"elementor-icon-box-icon\">\n\t\t\t\t<span  class=\"elementor-icon\">\n\t\t\t\t<i aria-hidden=\"true\" class=\"fas fa-file-medical-alt\"><\/i>\t\t\t\t<\/span>\n\t\t\t<\/div>\n\t\t\t\n\t\t\t\t\t\t<div class=\"elementor-icon-box-content\">\n\n\t\t\t\t\t\t\t\t\t<h3 class=\"elementor-icon-box-title\">\n\t\t\t\t\t\t<span  >\n\t\t\t\t\t\t\tExamen m\u00e9dico\t\t\t\t\t\t<\/span>\n\t\t\t\t\t<\/h3>\n\t\t\t\t\n\t\t\t\t\n\t\t\t<\/div>\n\t\t\t\n\t\t<\/div>\n\t\t\t\t\t\t<\/div>\n\t\t\t\t<\/div>\n\t\t\t\t<div class=\"elementor-element elementor-element-a0ccfc3 elementor-widget elementor-widget-text-editor\" data-id=\"a0ccfc3\" data-element_type=\"widget\" data-widget_type=\"text-editor.default\">\n\t\t\t\t<div class=\"elementor-widget-container\">\n\t\t\t\t\t\t\t\t\t<p><span style=\"color: #ffffff;\">Y psicosensom\u00e9trico<\/span><\/p>\n<ul>\n<li><span style=\"color: #ffffff;\">\u00a0Visiometr\u00eda<\/span><\/li>\n<li><span style=\"color: #ffffff;\">\u00a0Audiometr\u00eda<\/span><\/li>\n<li><span style=\"color: #ffffff;\">Ex\u00e1men de coordinaci\u00f3n motriz<\/span><\/li>\n<li><span style=\"color: #ffffff;\">Examen de psicolog\u00eda \u200b<\/span><\/li>\n<\/ul>\t\t\t\t\t\t\t\t<\/div>\n\t\t\t\t<\/div>\n\t\t\t\t\t<\/div>\n\t\t<\/div>\n\t\t\t\t\t<\/div>\n\t\t<\/section>\n\t\t\t\t<div class=\"elementor-element elementor-element-254976e elementor-align-right elementor-widget elementor-widget-button\" data-id=\"254976e\" data-element_type=\"widget\" data-widget_type=\"button.default\">\n\t\t\t\t<div class=\"elementor-widget-container\">\n\t\t\t\t\t\t\t\t\t<div class=\"elementor-button-wrapper\">\n\t\t\t\t\t<a class=\"elementor-button elementor-button-link elementor-size-sm\" href=\"https:\/\/wa.me\/573188352225?text=conducir.co-Se\u00f1ores%20Conducir%20Colombia.%20Quiero%20recibir%20informaci\u00f3n%20acerca%20de%20las%20pruebas%20pr\u00e1cticas%20de%20conducci\u00f3n.\">\n\t\t\t\t\t\t<span class=\"elementor-button-content-wrapper\">\n\t\t\t\t\t\t\t\t\t<span class=\"elementor-button-text\">CONTACTAR UN ASESOR<\/span>\n\t\t\t\t\t<\/span>\n\t\t\t\t\t<\/a>\n\t\t\t\t<\/div>\n\t\t\t\t\t\t\t\t<\/div>\n\t\t\t\t<\/div>\n\t\t\t\t\t<\/div>\n\t\t<\/div>\n\t\t\t\t\t<\/div>\n\t\t<\/section>\n\t\t\t\t<section class=\"elementor-section elementor-top-section elementor-element elementor-element-e6d9e8d elementor-section-boxed elementor-section-height-default elementor-section-height-default\" data-id=\"e6d9e8d\" data-element_type=\"section\">\n\t\t\t\t\t\t<div class=\"elementor-container elementor-column-gap-default\">\n\t\t\t\t\t<div class=\"elementor-column elementor-col-100 elementor-top-column elementor-element elementor-element-7490a92\" data-id=\"7490a92\" data-element_type=\"column\">\n\t\t\t<div class=\"elementor-widget-wrap elementor-element-populated\">\n\t\t\t\t\t\t<div class=\"elementor-element elementor-element-50c2943 elementor-widget elementor-widget-text-editor\" data-id=\"50c2943\" data-element_type=\"widget\" data-widget_type=\"text-editor.default\">\n\t\t\t\t<div class=\"elementor-widget-container\">\n\t\t\t\t\t\t\t\t\t<h3 style=\"text-align: center;\"><strong>Cumple con las Exigencias del Plan Estrat\u00e9gico de Seguridad Vial<\/strong><\/h3><p>En nuestra empresa, ofrecemos <strong>pruebas pr\u00e1cticas de conducci\u00f3n<\/strong> dise\u00f1adas espec\u00edficamente para empresas que necesitan cumplir con el <strong>Plan Estrat\u00e9gico de Seguridad Vial (PESV)<\/strong>, tal como lo exige la normativa nacional. Estas pruebas est\u00e1n alineadas con los est\u00e1ndares de seguridad establecidos por las autoridades competentes y est\u00e1n orientadas a evaluar de manera rigurosa las habilidades y competencias de los conductores.<\/p><p><strong>Nuestros Servicios Cumplen con la Norma<\/strong><br \/>Realizamos las pruebas de acuerdo a los requisitos establecidos en el marco legal, asegurando que cada conductor cumpla con los criterios de seguridad necesarios para operar veh\u00edculos de manera segura y eficiente. Nuestras evaluaciones est\u00e1n dise\u00f1adas para:<\/p><ul><li>Analizar los h\u00e1bitos de conducci\u00f3n.<\/li><li>Verificar el conocimiento de las normativas de tr\u00e1nsito.<\/li><li>Evaluar el control del veh\u00edculo en diferentes situaciones viales.<\/li><li>Asegurar que los conductores comprendan y sigan las pr\u00e1cticas de seguridad vial.<\/li><\/ul><p><strong>Certificaci\u00f3n y Garant\u00eda de Conformidad<\/strong><br \/>Tras completar la prueba, proporcionamos un informe detallado que certifica que la evaluaci\u00f3n ha sido realizada bajo los m\u00e1s altos est\u00e1ndares de calidad y conforme a lo exigido por el PESV. Esto garantiza que tu empresa no solo cumple con la normativa, sino que tambi\u00e9n contribuye activamente a la seguridad vial.<\/p><p><strong>Beneficios para tu Empresa<\/strong><\/p><ul><li>Asegura el cumplimiento legal del PESV.<\/li><li>Mejora la seguridad de tus conductores y el entorno vial.<\/li><li>Contribuye a la reducci\u00f3n de riesgos en carretera.<\/li><li>Refuerza la cultura de seguridad dentro de tu organizaci\u00f3n.<\/li><\/ul><p>Conf\u00eda en nuestra experiencia para realizar pruebas pr\u00e1cticas efectivas y ajustadas a las normativas, ayudando a que tus conductores sean un ejemplo de seguridad y profesionalismo en las v\u00edas.<\/p>\t\t\t\t\t\t\t\t<\/div>\n\t\t\t\t<\/div>\n\t\t\t\t<div class=\"elementor-element elementor-element-9b18817 elementor-align-right elementor-widget elementor-widget-button\" data-id=\"9b18817\" data-element_type=\"widget\" data-widget_type=\"button.default\">\n\t\t\t\t<div class=\"elementor-widget-container\">\n\t\t\t\t\t\t\t\t\t<div class=\"elementor-button-wrapper\">\n\t\t\t\t\t<a class=\"elementor-button elementor-button-link elementor-size-sm\" href=\"https:\/\/wa.me\/573188352225?text=conducir.co-Se\u00f1ores%20Conducir%20Colombia.%20Quiero%20recibir%20informaci\u00f3n%20acerca%20de%20las%20pruebas%20pr\u00e1cticas%20de%20conducci\u00f3n.\">\n\t\t\t\t\t\t<span class=\"elementor-button-content-wrapper\">\n\t\t\t\t\t\t\t\t\t<span class=\"elementor-button-text\">CONTACTAR UN ASESOR<\/span>\n\t\t\t\t\t<\/span>\n\t\t\t\t\t<\/a>\n\t\t\t\t<\/div>\n\t\t\t\t\t\t\t\t<\/div>\n\t\t\t\t<\/div>\n\t\t\t\t\t<\/div>\n\t\t<\/div>\n\t\t\t\t\t<\/div>\n\t\t<\/section>\n\t\t\t\t<\/div>\n\t\t","protected":false},"excerpt":{"rendered":"<p>Pruebas a conductores para P.E.S.V Prueba pr\u00e1ctica Esta prueba permite conocer los h\u00e1bitos y habilidades en la conducci\u00f3n, esta basada en el tipo de veh\u00edculo que se va a conducir.\u200b Prueba te\u00f3rica Esta prueba mide el nivel de conocimiento del conductor, sobre los factores propios de la conducci\u00f3n, normatividad, v\u00eda y del veh\u00edculo que va [&hellip;]<\/p>\n","protected":false},"author":1,"featured_media":0,"parent":0,"menu_order":0,"comment_status":"closed","ping_status":"closed","template":"elementor_theme","meta":{"ocean_post_layout":"","ocean_both_sidebars_style":"","ocean_both_sidebars_content_width":0,"ocean_both_sidebars_sidebars_width":0,"ocean_sidebar":"","ocean_second_sidebar":"","ocean_disable_margins":"enable","ocean_add_body_class":"","ocean_shortcode_before_top_bar":"","ocean_shortcode_after_top_bar":"","ocean_shortcode_before_header":"","ocean_shortcode_after_header":"","ocean_has_shortcode":"","ocean_shortcode_after_title":"","ocean_shortcode_before_footer_widgets":"","ocean_shortcode_after_footer_widgets":"","ocean_shortcode_before_footer_bottom":"","ocean_shortcode_after_footer_bottom":"","ocean_display_top_bar":"default","ocean_display_header":"default","ocean_header_style":"","ocean_center_header_left_menu":"","ocean_custom_header_template":"","ocean_custom_logo":0,"ocean_custom_retina_logo":0,"ocean_custom_logo_max_width":0,"ocean_custom_logo_tablet_max_width":0,"ocean_custom_logo_mobile_max_width":0,"ocean_custom_logo_max_height":0,"ocean_custom_logo_tablet_max_height":0,"ocean_custom_logo_mobile_max_height":0,"ocean_header_custom_menu":"","ocean_menu_typo_font_family":"","ocean_menu_typo_font_subset":"","ocean_menu_typo_font_size":0,"ocean_menu_typo_font_size_tablet":0,"ocean_menu_typo_font_size_mobile":0,"ocean_menu_typo_font_size_unit":"px","ocean_menu_typo_font_weight":"","ocean_menu_typo_font_weight_tablet":"","ocean_menu_typo_font_weight_mobile":"","ocean_menu_typo_transform":"","ocean_menu_typo_transform_tablet":"","ocean_menu_typo_transform_mobile":"","ocean_menu_typo_line_height":0,"ocean_menu_typo_line_height_tablet":0,"ocean_menu_typo_line_height_mobile":0,"ocean_menu_typo_line_height_unit":"","ocean_menu_typo_spacing":0,"ocean_menu_typo_spacing_tablet":0,"ocean_menu_typo_spacing_mobile":0,"ocean_menu_typo_spacing_unit":"","ocean_menu_link_color":"","ocean_menu_link_color_hover":"","ocean_menu_link_color_active":"","ocean_menu_link_background":"","ocean_menu_link_hover_background":"","ocean_menu_link_active_background":"","ocean_menu_social_links_bg":"","ocean_menu_social_hover_links_bg":"","ocean_menu_social_links_color":"","ocean_menu_social_hover_links_color":"","ocean_disable_title":"default","ocean_disable_heading":"default","ocean_post_title":"","ocean_post_subheading":"","ocean_post_title_style":"","ocean_post_title_background_color":"","ocean_post_title_background":0,"ocean_post_title_bg_image_position":"","ocean_post_title_bg_image_attachment":"","ocean_post_title_bg_image_repeat":"","ocean_post_title_bg_image_size":"","ocean_post_title_height":0,"ocean_post_title_bg_overlay":0.5,"ocean_post_title_bg_overlay_color":"","ocean_disable_breadcrumbs":"default","ocean_breadcrumbs_color":"","ocean_breadcrumbs_separator_color":"","ocean_breadcrumbs_links_color":"","ocean_breadcrumbs_links_hover_color":"","ocean_display_footer_widgets":"default","ocean_display_footer_bottom":"default","ocean_custom_footer_template":"","footnotes":""},"class_list":["post-466","page","type-page","status-publish","hentry","entry"],"yoast_head":"<!-- This site is optimized with the Yoast SEO plugin v25.5 - https:\/\/yoast.com\/wordpress\/plugins\/seo\/ -->\n<title>Pruebas para la selecci\u00f3n de conductores Aprobado Mintransporte<\/title>\n<meta name=\"description\" content=\"Ofrecemos pruebas pr\u00e1cticas de conducci\u00f3n dise\u00f1adas para que las empresas cumplan con el Plan Estrat\u00e9gico de Seguridad Vial (PESV), evaluando las habilidades de los conductores seg\u00fan la normativa nacional y garantizando la seguridad en las v\u00edas.\" \/>\n<meta name=\"robots\" content=\"index, follow, max-snippet:-1, max-image-preview:large, max-video-preview:-1\" \/>\n<link rel=\"canonical\" href=\"https:\/\/conducir.co\/wp\/pruebas\/\" \/>\n<meta property=\"og:locale\" content=\"es_ES\" \/>\n<meta property=\"og:type\" content=\"article\" \/>\n<meta property=\"og:title\" content=\"Pruebas para la selecci\u00f3n de conductores Aprobado Mintransporte\" \/>\n<meta property=\"og:description\" content=\"Ofrecemos pruebas pr\u00e1cticas de conducci\u00f3n dise\u00f1adas para que las empresas cumplan con el Plan Estrat\u00e9gico de Seguridad Vial (PESV), evaluando las habilidades de los conductores seg\u00fan la normativa nacional y garantizando la seguridad en las v\u00edas.\" \/>\n<meta property=\"og:url\" content=\"https:\/\/conducir.co\/wp\/pruebas\/\" \/>\n<meta property=\"og:site_name\" content=\"Conducir Colombia\" \/>\n<meta property=\"article:modified_time\" content=\"2024-09-07T00:33:42+00:00\" \/>\n<meta name=\"twitter:card\" content=\"summary_large_image\" \/>\n<meta name=\"twitter:label1\" content=\"Tiempo de lectura\" \/>\n\t<meta name=\"twitter:data1\" content=\"2 minutos\" \/>\n<script type=\"application\/ld+json\" class=\"yoast-schema-graph\">{\"@context\":\"https:\/\/schema.org\",\"@graph\":[{\"@type\":\"WebPage\",\"@id\":\"https:\/\/conducir.co\/wp\/pruebas\/\",\"url\":\"https:\/\/conducir.co\/wp\/pruebas\/\",\"name\":\"Pruebas para la selecci\u00f3n de conductores Aprobado Mintransporte\",\"isPartOf\":{\"@id\":\"https:\/\/conducir.co\/wp\/#website\"},\"datePublished\":\"2020-05-29T16:03:43+00:00\",\"dateModified\":\"2024-09-07T00:33:42+00:00\",\"description\":\"Ofrecemos pruebas pr\u00e1cticas de conducci\u00f3n dise\u00f1adas para que las empresas cumplan con el Plan Estrat\u00e9gico de Seguridad Vial (PESV), evaluando las habilidades de los conductores seg\u00fan la normativa nacional y garantizando la seguridad en las v\u00edas.\",\"breadcrumb\":{\"@id\":\"https:\/\/conducir.co\/wp\/pruebas\/#breadcrumb\"},\"inLanguage\":\"es\",\"potentialAction\":[{\"@type\":\"ReadAction\",\"target\":[\"https:\/\/conducir.co\/wp\/pruebas\/\"]}]},{\"@type\":\"BreadcrumbList\",\"@id\":\"https:\/\/conducir.co\/wp\/pruebas\/#breadcrumb\",\"itemListElement\":[{\"@type\":\"ListItem\",\"position\":1,\"name\":\"Portada\",\"item\":\"https:\/\/conducir.co\/wp\/\"},{\"@type\":\"ListItem\",\"position\":2,\"name\":\"Pruebas\"}]},{\"@type\":\"WebSite\",\"@id\":\"https:\/\/conducir.co\/wp\/#website\",\"url\":\"https:\/\/conducir.co\/wp\/\",\"name\":\"Conducir Colombia\",\"description\":\"\",\"publisher\":{\"@id\":\"https:\/\/conducir.co\/wp\/#organization\"},\"potentialAction\":[{\"@type\":\"SearchAction\",\"target\":{\"@type\":\"EntryPoint\",\"urlTemplate\":\"https:\/\/conducir.co\/wp\/?s={search_term_string}\"},\"query-input\":{\"@type\":\"PropertyValueSpecification\",\"valueRequired\":true,\"valueName\":\"search_term_string\"}}],\"inLanguage\":\"es\"},{\"@type\":\"Organization\",\"@id\":\"https:\/\/conducir.co\/wp\/#organization\",\"name\":\"Conducir Colombia\",\"url\":\"https:\/\/conducir.co\/wp\/\",\"logo\":{\"@type\":\"ImageObject\",\"inLanguage\":\"es\",\"@id\":\"https:\/\/conducir.co\/wp\/#\/schema\/logo\/image\/\",\"url\":\"https:\/\/conducir.co\/wp\/wp-content\/uploads\/logo500.jpg\",\"contentUrl\":\"https:\/\/conducir.co\/wp\/wp-content\/uploads\/logo500.jpg\",\"width\":500,\"height\":100,\"caption\":\"Conducir Colombia\"},\"image\":{\"@id\":\"https:\/\/conducir.co\/wp\/#\/schema\/logo\/image\/\"}}]}<\/script>\n<!-- \/ Yoast SEO plugin. -->","yoast_head_json":{"title":"Pruebas para la selecci\u00f3n de conductores Aprobado Mintransporte","description":"Ofrecemos pruebas pr\u00e1cticas de conducci\u00f3n dise\u00f1adas para que las empresas cumplan con el Plan Estrat\u00e9gico de Seguridad Vial (PESV), evaluando las habilidades de los conductores seg\u00fan la normativa nacional y garantizando la seguridad en las v\u00edas.","robots":{"index":"index","follow":"follow","max-snippet":"max-snippet:-1","max-image-preview":"max-image-preview:large","max-video-preview":"max-video-preview:-1"},"canonical":"https:\/\/conducir.co\/wp\/pruebas\/","og_locale":"es_ES","og_type":"article","og_title":"Pruebas para la selecci\u00f3n de conductores Aprobado Mintransporte","og_description":"Ofrecemos pruebas pr\u00e1cticas de conducci\u00f3n dise\u00f1adas para que las empresas cumplan con el Plan Estrat\u00e9gico de Seguridad Vial (PESV), evaluando las habilidades de los conductores seg\u00fan la normativa nacional y garantizando la seguridad en las v\u00edas.","og_url":"https:\/\/conducir.co\/wp\/pruebas\/","og_site_name":"Conducir Colombia","article_modified_time":"2024-09-07T00:33:42+00:00","twitter_card":"summary_large_image","twitter_misc":{"Tiempo de lectura":"2 minutos"},"schema":{"@context":"https:\/\/schema.org","@graph":[{"@type":"WebPage","@id":"https:\/\/conducir.co\/wp\/pruebas\/","url":"https:\/\/conducir.co\/wp\/pruebas\/","name":"Pruebas para la selecci\u00f3n de conductores Aprobado Mintransporte","isPartOf":{"@id":"https:\/\/conducir.co\/wp\/#website"},"datePublished":"2020-05-29T16:03:43+00:00","dateModified":"2024-09-07T00:33:42+00:00","description":"Ofrecemos pruebas pr\u00e1cticas de conducci\u00f3n dise\u00f1adas para que las empresas cumplan con el Plan Estrat\u00e9gico de Seguridad Vial (PESV), evaluando las habilidades de los conductores seg\u00fan la normativa nacional y garantizando la seguridad en las v\u00edas.","breadcrumb":{"@id":"https:\/\/conducir.co\/wp\/pruebas\/#breadcrumb"},"inLanguage":"es","potentialAction":[{"@type":"ReadAction","target":["https:\/\/conducir.co\/wp\/pruebas\/"]}]},{"@type":"BreadcrumbList","@id":"https:\/\/conducir.co\/wp\/pruebas\/#breadcrumb","itemListElement":[{"@type":"ListItem","position":1,"name":"Portada","item":"https:\/\/conducir.co\/wp\/"},{"@type":"ListItem","position":2,"name":"Pruebas"}]},{"@type":"WebSite","@id":"https:\/\/conducir.co\/wp\/#website","url":"https:\/\/conducir.co\/wp\/","name":"Conducir Colombia","description":"","publisher":{"@id":"https:\/\/conducir.co\/wp\/#organization"},"potentialAction":[{"@type":"SearchAction","target":{"@type":"EntryPoint","urlTemplate":"https:\/\/conducir.co\/wp\/?s={search_term_string}"},"query-input":{"@type":"PropertyValueSpecification","valueRequired":true,"valueName":"search_term_string"}}],"inLanguage":"es"},{"@type":"Organization","@id":"https:\/\/conducir.co\/wp\/#organization","name":"Conducir Colombia","url":"https:\/\/conducir.co\/wp\/","logo":{"@type":"ImageObject","inLanguage":"es","@id":"https:\/\/conducir.co\/wp\/#\/schema\/logo\/image\/","url":"https:\/\/conducir.co\/wp\/wp-content\/uploads\/logo500.jpg","contentUrl":"https:\/\/conducir.co\/wp\/wp-content\/uploads\/logo500.jpg","width":500,"height":100,"caption":"Conducir Colombia"},"image":{"@id":"https:\/\/conducir.co\/wp\/#\/schema\/logo\/image\/"}}]}},"_links":{"self":[{"href":"https:\/\/conducir.co\/wp\/wp-json\/wp\/v2\/pages\/466"}],"collection":[{"href":"https:\/\/conducir.co\/wp\/wp-json\/wp\/v2\/pages"}],"about":[{"href":"https:\/\/conducir.co\/wp\/wp-json\/wp\/v2\/types\/page"}],"author":[{"embeddable":true,"href":"https:\/\/conducir.co\/wp\/wp-json\/wp\/v2\/users\/1"}],"replies":[{"embeddable":true,"href":"https:\/\/conducir.co\/wp\/wp-json\/wp\/v2\/comments?post=466"}],"version-history":[{"count":114,"href":"https:\/\/conducir.co\/wp\/wp-json\/wp\/v2\/pages\/466\/revisions"}],"predecessor-version":[{"id":3639,"href":"https:\/\/conducir.co\/wp\/wp-json\/wp\/v2\/pages\/466\/revisions\/3639"}],"wp:attachment":[{"href":"https:\/\/conducir.co\/wp\/wp-json\/wp\/v2\/media?parent=466"}],"curies":[{"name":"wp","href":"https:\/\/api.w.org\/{rel}","templated":true}]}}