{"id":3298,"date":"2024-09-05T14:43:23","date_gmt":"2024-09-05T19:43:23","guid":{"rendered":"https:\/\/conducir.co\/wp\/?page_id=3298"},"modified":"2024-12-10T20:17:01","modified_gmt":"2024-12-11T01:17:01","slug":"normatividad","status":"publish","type":"page","link":"https:\/\/conducir.co\/wp\/normatividad\/","title":{"rendered":"Normatividad"},"content":{"rendered":"\t\t<div data-elementor-type=\"wp-page\" data-elementor-id=\"3298\" class=\"elementor elementor-3298\">\n\t\t\t\t\t\t<section class=\"elementor-section elementor-top-section elementor-element elementor-element-78652e4 elementor-section-boxed elementor-section-height-default elementor-section-height-default\" data-id=\"78652e4\" data-element_type=\"section\">\n\t\t\t\t\t\t<div class=\"elementor-container elementor-column-gap-default\">\n\t\t\t\t\t<div class=\"elementor-column elementor-col-50 elementor-top-column elementor-element elementor-element-c4593ce\" data-id=\"c4593ce\" data-element_type=\"column\">\n\t\t\t<div class=\"elementor-widget-wrap elementor-element-populated\">\n\t\t\t\t\t\t<div class=\"elementor-element elementor-element-cc0847f elementor-widget elementor-widget-image\" data-id=\"cc0847f\" data-element_type=\"widget\" data-widget_type=\"image.default\">\n\t\t\t\t<div class=\"elementor-widget-container\">\n\t\t\t\t\t\t\t\t\t\t\t\t\t\t\t<img fetchpriority=\"high\" decoding=\"async\" width=\"300\" height=\"300\" src=\"https:\/\/conducir.co\/wp\/wp-content\/uploads\/certificado-manejo-defensivo-e1729353816159.webp\" class=\"attachment-large size-large wp-image-4331\" alt=\"Conductor profesional certificado en manejo defensivo\" \/>\t\t\t\t\t\t\t\t\t\t\t\t\t\t\t<\/div>\n\t\t\t\t<\/div>\n\t\t\t\t\t<\/div>\n\t\t<\/div>\n\t\t\t\t<div class=\"elementor-column elementor-col-50 elementor-top-column elementor-element elementor-element-7d9fa07\" data-id=\"7d9fa07\" data-element_type=\"column\">\n\t\t\t<div class=\"elementor-widget-wrap elementor-element-populated\">\n\t\t\t\t\t\t<div class=\"elementor-element elementor-element-b10e77f elementor-widget elementor-widget-text-editor\" data-id=\"b10e77f\" data-element_type=\"widget\" data-widget_type=\"text-editor.default\">\n\t\t\t\t<div class=\"elementor-widget-container\">\n\t\t\t\t\t\t\t\t\t<p>Conducir no solo implica mover un veh\u00edculo de un lugar a otro; es una responsabilidad que afecta tu seguridad, la de tus pasajeros y la de todos los dem\u00e1s en la v\u00eda. La pregunta es: \u00bfrealmente est\u00e1s preparado para asumir esta responsabilidad?<\/p><p>\u00a0<\/p>\t\t\t\t\t\t\t\t<\/div>\n\t\t\t\t<\/div>\n\t\t\t\t\t<\/div>\n\t\t<\/div>\n\t\t\t\t\t<\/div>\n\t\t<\/section>\n\t\t\t\t<section class=\"elementor-section elementor-top-section elementor-element elementor-element-fc0b8f3 elementor-section-boxed elementor-section-height-default elementor-section-height-default\" data-id=\"fc0b8f3\" data-element_type=\"section\">\n\t\t\t\t\t\t<div class=\"elementor-container elementor-column-gap-default\">\n\t\t\t\t\t<div class=\"elementor-column elementor-col-100 elementor-top-column elementor-element elementor-element-db9b752\" data-id=\"db9b752\" data-element_type=\"column\">\n\t\t\t<div class=\"elementor-widget-wrap elementor-element-populated\">\n\t\t\t\t\t\t<div class=\"elementor-element elementor-element-1668b89 elementor-widget elementor-widget-text-editor\" data-id=\"1668b89\" data-element_type=\"widget\" data-widget_type=\"text-editor.default\">\n\t\t\t\t<div class=\"elementor-widget-container\">\n\t\t\t\t\t\t\t\t\t<p>Un curso de manejo defensivo puede ser la clave para mejorar tus habilidades, reducir riesgos y convertirte en un conductor m\u00e1s consciente y seguro. Pero, \u00bfc\u00f3mo saber si lo necesitas? Aqu\u00ed te presentamos una serie de preguntas que te ayudar\u00e1n a evaluarte. T\u00f3mate unos minutos para reflexionar sobre ellas.<\/p>\t\t\t\t\t\t\t\t<\/div>\n\t\t\t\t<\/div>\n\t\t\t\t\t<\/div>\n\t\t<\/div>\n\t\t\t\t\t<\/div>\n\t\t<\/section>\n\t\t\t\t<\/div>\n\t\t","protected":false},"excerpt":{"rendered":"<p>Conducir no solo implica mover un veh\u00edculo de un lugar a otro; es una responsabilidad que afecta tu seguridad, la de tus pasajeros y la de todos los dem\u00e1s en la v\u00eda. La pregunta es: \u00bfrealmente est\u00e1s preparado para asumir esta responsabilidad? \u00a0 Un curso de manejo defensivo puede ser la clave para mejorar tus [&hellip;]<\/p>\n","protected":false},"author":2,"featured_media":0,"parent":0,"menu_order":0,"comment_status":"closed","ping_status":"closed","template":"","meta":{"ocean_post_layout":"","ocean_both_sidebars_style":"","ocean_both_sidebars_content_width":0,"ocean_both_sidebars_sidebars_width":0,"ocean_sidebar":"","ocean_second_sidebar":"","ocean_disable_margins":"enable","ocean_add_body_class":"","ocean_shortcode_before_top_bar":"","ocean_shortcode_after_top_bar":"","ocean_shortcode_before_header":"","ocean_shortcode_after_header":"","ocean_has_shortcode":"","ocean_shortcode_after_title":"","ocean_shortcode_before_footer_widgets":"","ocean_shortcode_after_footer_widgets":"","ocean_shortcode_before_footer_bottom":"","ocean_shortcode_after_footer_bottom":"","ocean_display_top_bar":"default","ocean_display_header":"default","ocean_header_style":"","ocean_center_header_left_menu":"","ocean_custom_header_template":"","ocean_custom_logo":0,"ocean_custom_retina_logo":0,"ocean_custom_logo_max_width":0,"ocean_custom_logo_tablet_max_width":0,"ocean_custom_logo_mobile_max_width":0,"ocean_custom_logo_max_height":0,"ocean_custom_logo_tablet_max_height":0,"ocean_custom_logo_mobile_max_height":0,"ocean_header_custom_menu":"","ocean_menu_typo_font_family":"","ocean_menu_typo_font_subset":"","ocean_menu_typo_font_size":0,"ocean_menu_typo_font_size_tablet":0,"ocean_menu_typo_font_size_mobile":0,"ocean_menu_typo_font_size_unit":"px","ocean_menu_typo_font_weight":"","ocean_menu_typo_font_weight_tablet":"","ocean_menu_typo_font_weight_mobile":"","ocean_menu_typo_transform":"","ocean_menu_typo_transform_tablet":"","ocean_menu_typo_transform_mobile":"","ocean_menu_typo_line_height":0,"ocean_menu_typo_line_height_tablet":0,"ocean_menu_typo_line_height_mobile":0,"ocean_menu_typo_line_height_unit":"","ocean_menu_typo_spacing":0,"ocean_menu_typo_spacing_tablet":0,"ocean_menu_typo_spacing_mobile":0,"ocean_menu_typo_spacing_unit":"","ocean_menu_link_color":"","ocean_menu_link_color_hover":"","ocean_menu_link_color_active":"","ocean_menu_link_background":"","ocean_menu_link_hover_background":"","ocean_menu_link_active_background":"","ocean_menu_social_links_bg":"","ocean_menu_social_hover_links_bg":"","ocean_menu_social_links_color":"","ocean_menu_social_hover_links_color":"","ocean_disable_title":"default","ocean_disable_heading":"default","ocean_post_title":"","ocean_post_subheading":"","ocean_post_title_style":"","ocean_post_title_background_color":"","ocean_post_title_background":0,"ocean_post_title_bg_image_position":"","ocean_post_title_bg_image_attachment":"","ocean_post_title_bg_image_repeat":"","ocean_post_title_bg_image_size":"","ocean_post_title_height":0,"ocean_post_title_bg_overlay":0.5,"ocean_post_title_bg_overlay_color":"","ocean_disable_breadcrumbs":"default","ocean_breadcrumbs_color":"","ocean_breadcrumbs_separator_color":"","ocean_breadcrumbs_links_color":"","ocean_breadcrumbs_links_hover_color":"","ocean_display_footer_widgets":"default","ocean_display_footer_bottom":"default","ocean_custom_footer_template":"","footnotes":""},"class_list":["post-3298","page","type-page","status-publish","hentry","entry"],"yoast_head":"<!-- This site is optimized with the Yoast SEO plugin v25.5 - https:\/\/yoast.com\/wordpress\/plugins\/seo\/ -->\n<title>Un curso de manejo defensivo para mejorar la seguridad<\/title>\n<meta name=\"description\" content=\"Un curso de manejo defensivo puede ser la clave para mejorar tus habilidades, reducir riesgos y convertirte en un conductor m\u00e1s seguro\" \/>\n<meta name=\"robots\" content=\"index, follow, max-snippet:-1, max-image-preview:large, max-video-preview:-1\" \/>\n<link rel=\"canonical\" href=\"https:\/\/conducir.co\/wp\/normatividad\/\" \/>\n<meta property=\"og:locale\" content=\"es_ES\" \/>\n<meta property=\"og:type\" content=\"article\" \/>\n<meta property=\"og:title\" content=\"Un curso de manejo defensivo para mejorar la seguridad\" \/>\n<meta property=\"og:description\" content=\"Un curso de manejo defensivo puede ser la clave para mejorar tus habilidades, reducir riesgos y convertirte en un conductor m\u00e1s seguro\" \/>\n<meta property=\"og:url\" content=\"https:\/\/conducir.co\/wp\/normatividad\/\" \/>\n<meta property=\"og:site_name\" content=\"Conducir Colombia\" \/>\n<meta property=\"article:modified_time\" content=\"2024-12-11T01:17:01+00:00\" \/>\n<meta property=\"og:image\" content=\"https:\/\/conducir.co\/wp\/wp-content\/uploads\/certificado-manejo-defensivo-e1729353816159.webp\" \/>\n<meta name=\"twitter:card\" content=\"summary_large_image\" \/>\n<meta name=\"twitter:label1\" content=\"Tiempo de lectura\" \/>\n\t<meta name=\"twitter:data1\" content=\"1 minuto\" \/>\n<script type=\"application\/ld+json\" class=\"yoast-schema-graph\">{\"@context\":\"https:\/\/schema.org\",\"@graph\":[{\"@type\":\"WebPage\",\"@id\":\"https:\/\/conducir.co\/wp\/normatividad\/\",\"url\":\"https:\/\/conducir.co\/wp\/normatividad\/\",\"name\":\"Un curso de manejo defensivo para mejorar la seguridad\",\"isPartOf\":{\"@id\":\"https:\/\/conducir.co\/wp\/#website\"},\"primaryImageOfPage\":{\"@id\":\"https:\/\/conducir.co\/wp\/normatividad\/#primaryimage\"},\"image\":{\"@id\":\"https:\/\/conducir.co\/wp\/normatividad\/#primaryimage\"},\"thumbnailUrl\":\"https:\/\/conducir.co\/wp\/wp-content\/uploads\/certificado-manejo-defensivo-e1729353816159.webp\",\"datePublished\":\"2024-09-05T19:43:23+00:00\",\"dateModified\":\"2024-12-11T01:17:01+00:00\",\"description\":\"Un curso de manejo defensivo puede ser la clave para mejorar tus habilidades, reducir riesgos y convertirte en un conductor m\u00e1s seguro\",\"breadcrumb\":{\"@id\":\"https:\/\/conducir.co\/wp\/normatividad\/#breadcrumb\"},\"inLanguage\":\"es\",\"potentialAction\":[{\"@type\":\"ReadAction\",\"target\":[\"https:\/\/conducir.co\/wp\/normatividad\/\"]}]},{\"@type\":\"ImageObject\",\"inLanguage\":\"es\",\"@id\":\"https:\/\/conducir.co\/wp\/normatividad\/#primaryimage\",\"url\":\"https:\/\/conducir.co\/wp\/wp-content\/uploads\/certificado-manejo-defensivo-e1729353816159.webp\",\"contentUrl\":\"https:\/\/conducir.co\/wp\/wp-content\/uploads\/certificado-manejo-defensivo-e1729353816159.webp\",\"width\":300,\"height\":300,\"caption\":\"Conductor profesional certificado en manejo defensivo\"},{\"@type\":\"BreadcrumbList\",\"@id\":\"https:\/\/conducir.co\/wp\/normatividad\/#breadcrumb\",\"itemListElement\":[{\"@type\":\"ListItem\",\"position\":1,\"name\":\"Portada\",\"item\":\"https:\/\/conducir.co\/wp\/\"},{\"@type\":\"ListItem\",\"position\":2,\"name\":\"Normatividad\"}]},{\"@type\":\"WebSite\",\"@id\":\"https:\/\/conducir.co\/wp\/#website\",\"url\":\"https:\/\/conducir.co\/wp\/\",\"name\":\"Conducir Colombia\",\"description\":\"\",\"publisher\":{\"@id\":\"https:\/\/conducir.co\/wp\/#organization\"},\"potentialAction\":[{\"@type\":\"SearchAction\",\"target\":{\"@type\":\"EntryPoint\",\"urlTemplate\":\"https:\/\/conducir.co\/wp\/?s={search_term_string}\"},\"query-input\":{\"@type\":\"PropertyValueSpecification\",\"valueRequired\":true,\"valueName\":\"search_term_string\"}}],\"inLanguage\":\"es\"},{\"@type\":\"Organization\",\"@id\":\"https:\/\/conducir.co\/wp\/#organization\",\"name\":\"Conducir Colombia\",\"url\":\"https:\/\/conducir.co\/wp\/\",\"logo\":{\"@type\":\"ImageObject\",\"inLanguage\":\"es\",\"@id\":\"https:\/\/conducir.co\/wp\/#\/schema\/logo\/image\/\",\"url\":\"https:\/\/conducir.co\/wp\/wp-content\/uploads\/logo500.jpg\",\"contentUrl\":\"https:\/\/conducir.co\/wp\/wp-content\/uploads\/logo500.jpg\",\"width\":500,\"height\":100,\"caption\":\"Conducir Colombia\"},\"image\":{\"@id\":\"https:\/\/conducir.co\/wp\/#\/schema\/logo\/image\/\"}}]}<\/script>\n<!-- \/ Yoast SEO plugin. -->","yoast_head_json":{"title":"Un curso de manejo defensivo para mejorar la seguridad","description":"Un curso de manejo defensivo puede ser la clave para mejorar tus habilidades, reducir riesgos y convertirte en un conductor m\u00e1s seguro","robots":{"index":"index","follow":"follow","max-snippet":"max-snippet:-1","max-image-preview":"max-image-preview:large","max-video-preview":"max-video-preview:-1"},"canonical":"https:\/\/conducir.co\/wp\/normatividad\/","og_locale":"es_ES","og_type":"article","og_title":"Un curso de manejo defensivo para mejorar la seguridad","og_description":"Un curso de manejo defensivo puede ser la clave para mejorar tus habilidades, reducir riesgos y convertirte en un conductor m\u00e1s seguro","og_url":"https:\/\/conducir.co\/wp\/normatividad\/","og_site_name":"Conducir Colombia","article_modified_time":"2024-12-11T01:17:01+00:00","og_image":[{"url":"https:\/\/conducir.co\/wp\/wp-content\/uploads\/certificado-manejo-defensivo-e1729353816159.webp","type":"","width":"","height":""}],"twitter_card":"summary_large_image","twitter_misc":{"Tiempo de lectura":"1 minuto"},"schema":{"@context":"https:\/\/schema.org","@graph":[{"@type":"WebPage","@id":"https:\/\/conducir.co\/wp\/normatividad\/","url":"https:\/\/conducir.co\/wp\/normatividad\/","name":"Un curso de manejo defensivo para mejorar la seguridad","isPartOf":{"@id":"https:\/\/conducir.co\/wp\/#website"},"primaryImageOfPage":{"@id":"https:\/\/conducir.co\/wp\/normatividad\/#primaryimage"},"image":{"@id":"https:\/\/conducir.co\/wp\/normatividad\/#primaryimage"},"thumbnailUrl":"https:\/\/conducir.co\/wp\/wp-content\/uploads\/certificado-manejo-defensivo-e1729353816159.webp","datePublished":"2024-09-05T19:43:23+00:00","dateModified":"2024-12-11T01:17:01+00:00","description":"Un curso de manejo defensivo puede ser la clave para mejorar tus habilidades, reducir riesgos y convertirte en un conductor m\u00e1s seguro","breadcrumb":{"@id":"https:\/\/conducir.co\/wp\/normatividad\/#breadcrumb"},"inLanguage":"es","potentialAction":[{"@type":"ReadAction","target":["https:\/\/conducir.co\/wp\/normatividad\/"]}]},{"@type":"ImageObject","inLanguage":"es","@id":"https:\/\/conducir.co\/wp\/normatividad\/#primaryimage","url":"https:\/\/conducir.co\/wp\/wp-content\/uploads\/certificado-manejo-defensivo-e1729353816159.webp","contentUrl":"https:\/\/conducir.co\/wp\/wp-content\/uploads\/certificado-manejo-defensivo-e1729353816159.webp","width":300,"height":300,"caption":"Conductor profesional certificado en manejo defensivo"},{"@type":"BreadcrumbList","@id":"https:\/\/conducir.co\/wp\/normatividad\/#breadcrumb","itemListElement":[{"@type":"ListItem","position":1,"name":"Portada","item":"https:\/\/conducir.co\/wp\/"},{"@type":"ListItem","position":2,"name":"Normatividad"}]},{"@type":"WebSite","@id":"https:\/\/conducir.co\/wp\/#website","url":"https:\/\/conducir.co\/wp\/","name":"Conducir Colombia","description":"","publisher":{"@id":"https:\/\/conducir.co\/wp\/#organization"},"potentialAction":[{"@type":"SearchAction","target":{"@type":"EntryPoint","urlTemplate":"https:\/\/conducir.co\/wp\/?s={search_term_string}"},"query-input":{"@type":"PropertyValueSpecification","valueRequired":true,"valueName":"search_term_string"}}],"inLanguage":"es"},{"@type":"Organization","@id":"https:\/\/conducir.co\/wp\/#organization","name":"Conducir Colombia","url":"https:\/\/conducir.co\/wp\/","logo":{"@type":"ImageObject","inLanguage":"es","@id":"https:\/\/conducir.co\/wp\/#\/schema\/logo\/image\/","url":"https:\/\/conducir.co\/wp\/wp-content\/uploads\/logo500.jpg","contentUrl":"https:\/\/conducir.co\/wp\/wp-content\/uploads\/logo500.jpg","width":500,"height":100,"caption":"Conducir Colombia"},"image":{"@id":"https:\/\/conducir.co\/wp\/#\/schema\/logo\/image\/"}}]}},"_links":{"self":[{"href":"https:\/\/conducir.co\/wp\/wp-json\/wp\/v2\/pages\/3298"}],"collection":[{"href":"https:\/\/conducir.co\/wp\/wp-json\/wp\/v2\/pages"}],"about":[{"href":"https:\/\/conducir.co\/wp\/wp-json\/wp\/v2\/types\/page"}],"author":[{"embeddable":true,"href":"https:\/\/conducir.co\/wp\/wp-json\/wp\/v2\/users\/2"}],"replies":[{"embeddable":true,"href":"https:\/\/conducir.co\/wp\/wp-json\/wp\/v2\/comments?post=3298"}],"version-history":[{"count":7,"href":"https:\/\/conducir.co\/wp\/wp-json\/wp\/v2\/pages\/3298\/revisions"}],"predecessor-version":[{"id":4553,"href":"https:\/\/conducir.co\/wp\/wp-json\/wp\/v2\/pages\/3298\/revisions\/4553"}],"wp:attachment":[{"href":"https:\/\/conducir.co\/wp\/wp-json\/wp\/v2\/media?parent=3298"}],"curies":[{"name":"wp","href":"https:\/\/api.w.org\/{rel}","templated":true}]}}